{"id":8,"date":"2025-10-19T03:47:54","date_gmt":"2025-10-19T03:47:54","guid":{"rendered":"https:\/\/na52.org\/?page_id=8"},"modified":"2025-10-19T04:09:37","modified_gmt":"2025-10-19T04:09:37","slug":"nehemiah-alliance","status":"publish","type":"page","link":"https:\/\/na52.org\/es\/","title":{"rendered":"Nehemiah Alliance"},"content":{"rendered":"<div data-elementor-type=\"wp-post\" data-elementor-id=\"8\" class=\"elementor elementor-8\" data-elementor-post-type=\"page\">\n\t\t\t\t<div class=\"elementor-element elementor-element-dbce9b9 e-flex e-con-boxed e-con e-parent\" data-id=\"dbce9b9\" data-element_type=\"container\" data-e-type=\"container\">\n\t\t\t\t\t<div class=\"e-con-inner\">\n\t\t\t\t<div class=\"elementor-element elementor-element-c69688f elementor-widget elementor-widget-image\" data-id=\"c69688f\" data-element_type=\"widget\" data-e-type=\"widget\" data-widget_type=\"image.default\">\n\t\t\t\t\t\t\t\t\t\t\t\t\t\t\t<img fetchpriority=\"high\" decoding=\"async\" width=\"1920\" height=\"1080\" src=\"https:\/\/na52.org\/wp-content\/uploads\/2025\/10\/NA52-Website-2.jpg\" class=\"attachment-full size-full wp-image-21\" alt=\"\" srcset=\"https:\/\/na52.org\/wp-content\/uploads\/2025\/10\/NA52-Website-2.jpg 1920w, https:\/\/na52.org\/wp-content\/uploads\/2025\/10\/NA52-Website-2-300x169.jpg 300w, https:\/\/na52.org\/wp-content\/uploads\/2025\/10\/NA52-Website-2-1024x576.jpg 1024w, https:\/\/na52.org\/wp-content\/uploads\/2025\/10\/NA52-Website-2-768x432.jpg 768w, https:\/\/na52.org\/wp-content\/uploads\/2025\/10\/NA52-Website-2-1536x864.jpg 1536w\" sizes=\"(max-width: 1920px) 100vw, 1920px\" \/>\t\t\t\t\t\t\t\t\t\t\t\t\t\t\t<\/div>\n\t\t\t\t\t<\/div>\n\t\t\t\t<\/div>\n\t\t<div class=\"elementor-element elementor-element-b866111 e-flex e-con-boxed e-con e-parent\" data-id=\"b866111\" data-element_type=\"container\" data-e-type=\"container\">\n\t\t\t\t\t<div class=\"e-con-inner\">\n\t\t\t\t<div class=\"elementor-element elementor-element-76d6118 elementor-widget elementor-widget-heading\" data-id=\"76d6118\" data-element_type=\"widget\" data-e-type=\"widget\" data-widget_type=\"heading.default\">\n\t\t\t\t\t<h1 class=\"elementor-heading-title elementor-size-default\">UNITED PRAYER FOR AMERICA<\/h1>\t\t\t\t<\/div>\n\t\t\t\t<div class=\"elementor-element elementor-element-f395727 elementor-widget elementor-widget-text-editor\" data-id=\"f395727\" data-element_type=\"widget\" data-e-type=\"widget\" data-widget_type=\"text-editor.default\">\n\t\t\t\t\t\t\t\t\t<p>Our Father, we, Your people, humble ourselves and pray, seek Your face, repent by turning from sin while trusting Your Word that You will hear from Heaven forgive our sins and heal our land.\u00a0<\/p><p>Cubre a cada ciudadano, cada esfera de influencia y a toda autoridad con tu estandarte de bendici\u00f3n y tu manto protector. Venga tu reino, h\u00e1gase tu voluntad en nuestras ciudades, estados y naci\u00f3n como en el cielo.<\/p><p>Que el Evangelio sea proclamado, se formen disc\u00edpulos y se env\u00eden obreros a la cosecha. Que el coraz\u00f3n de los padres se vuelva hacia los hijos y el de los hijos hacia los padres. Que seamos uno como Jes\u00fas y el Padre son uno. Que seamos una ciudad resplandeciente en una colina que te glorifique.<\/p><p>Como nos instan las Escrituras, oramos por la paz y la prosperidad de nuestra naci\u00f3n. En tu gran misericordia, por amor a tu nombre, responde a nuestra petici\u00f3n al acercarnos con valent\u00eda ante tu trono de gracia en nuestros momentos de necesidad.\u00a0<\/p><p>Como en los d\u00edas de Nehem\u00edas, reconstruyamos nuestros muros, restauremos nuestros hogares, reavivemos nuestros corazones, mientras nos humillamos, intercediendo en una sola voz como una Naci\u00f3n bajo Dios, indivisible, renovando la libertad y la justicia para todos.<\/p><p>In the name of Jesus Christ. Amen.<\/p>\t\t\t\t\t\t\t\t<\/div>\n\t\t\t\t\t<\/div>\n\t\t\t\t<\/div>\n\t\t<div class=\"elementor-element elementor-element-0772541 e-flex e-con-boxed e-con e-parent\" data-id=\"0772541\" data-element_type=\"container\" data-e-type=\"container\">\n\t\t\t\t\t<div class=\"e-con-inner\">\n\t\t\t\t<div class=\"elementor-element elementor-element-b739e77 elementor-widget elementor-widget-html\" data-id=\"b739e77\" data-element_type=\"widget\" data-e-type=\"widget\" data-widget_type=\"html.default\">\n\t\t\t\t\t<iframe src=\"https:\/\/docs.google.com\/forms\/d\/e\/1FAIpQLSdKitZcghscjT30hwr_UM1W1owc_ikxcvFKYlCkaHLE7FHGzA\/viewform?embedded=true\" width=\"640\" height=\"824\" frameborder=\"0\" marginheight=\"0\" marginwidth=\"0\">Loading\u2026<\/iframe>\t\t\t\t<\/div>\n\t\t\t\t\t<\/div>\n\t\t\t\t<\/div>\n\t\t\t\t<\/div>","protected":false},"excerpt":{"rendered":"<p>UNITED PRAYER FOR AMERICA Our Father, we, Your people, humble ourselves and pray, seek Your face, repent by turning from sin while trusting Your Word that You will hear from Heaven forgive our sins and heal our land.\u00a0 Cover every citizen, every sphere of influence, and all in authority with Your banner of blessing and [&hellip;]<\/p>\n","protected":false},"author":2,"featured_media":0,"parent":0,"menu_order":0,"comment_status":"closed","ping_status":"closed","template":"","meta":{"om_disable_all_campaigns":false,"_monsterinsights_skip_tracking":false,"_monsterinsights_sitenote_active":false,"_monsterinsights_sitenote_note":"","_monsterinsights_sitenote_category":0,"footnotes":""},"class_list":["post-8","page","type-page","status-publish","hentry"],"aioseo_notices":[],"_links":{"self":[{"href":"https:\/\/na52.org\/es\/wp-json\/wp\/v2\/pages\/8","targetHints":{"allow":["GET"]}}],"collection":[{"href":"https:\/\/na52.org\/es\/wp-json\/wp\/v2\/pages"}],"about":[{"href":"https:\/\/na52.org\/es\/wp-json\/wp\/v2\/types\/page"}],"author":[{"embeddable":true,"href":"https:\/\/na52.org\/es\/wp-json\/wp\/v2\/users\/2"}],"replies":[{"embeddable":true,"href":"https:\/\/na52.org\/es\/wp-json\/wp\/v2\/comments?post=8"}],"version-history":[{"count":10,"href":"https:\/\/na52.org\/es\/wp-json\/wp\/v2\/pages\/8\/revisions"}],"predecessor-version":[{"id":28,"href":"https:\/\/na52.org\/es\/wp-json\/wp\/v2\/pages\/8\/revisions\/28"}],"wp:attachment":[{"href":"https:\/\/na52.org\/es\/wp-json\/wp\/v2\/media?parent=8"}],"curies":[{"name":"wp","href":"https:\/\/api.w.org\/{rel}","templated":true}]}}